{"id":106,"date":"2018-06-27T15:22:51","date_gmt":"2018-06-27T13:22:51","guid":{"rendered":"http:\/\/ales-sas.com\/?page_id=106"},"modified":"2018-08-25T18:17:47","modified_gmt":"2018-08-25T16:17:47","slug":"realisations-speciales","status":"publish","type":"page","link":"https:\/\/ales-sas.com\/index.php\/realisations-speciales\/","title":{"rendered":"R\u00e9alisations sp\u00e9ciales"},"content":{"rendered":"<p>Vous trouverez sous cette rubrique toutes nos r\u00e9alisations sp\u00e9ciales:<\/p>\n<p>Affichage r\u00e9glementaire \u00ab\u00a0ville sous vid\u00e9o surveillance\u00a0\u00bb<\/p>\n<p>&nbsp;<\/p>\n<p>Jeux pour cour d&rsquo;\u00e9cole &#8211; Alphabets et marelles<\/p>\n<div id=\"attachment_37\" style=\"width: 310px\" class=\"wp-caption aligncenter\"><img loading=\"lazy\" decoding=\"async\" aria-describedby=\"caption-attachment-37\" class=\"wp-image-37 size-medium\" src=\"https:\/\/ales-sas.com\/wp-content\/uploads\/2018\/06\/ALES-sas-alphabet-disperes\u00e9-r\u00e9sines-\u00e0-chaud-300x169.jpg\" alt=\"am\u00e9nagement de la cour de l'\u00e9cole\" width=\"300\" height=\"169\" \/><p id=\"caption-attachment-37\" class=\"wp-caption-text\">Jeux pour enfants<\/p><\/div>\n<p>clous inox<\/p>\n<p>Signalisations renforc\u00e9es LEDS<\/p>\n<p>Panneau MSA pour guider les secours en for\u00eat<\/p>\n<p>Panneau \u00ab\u00a0voisins vigilants\u00a0\u00bb<\/p>\n<p>Radars p\u00e9dagogiques alimentations EP et solaire<\/p>\n<p>Feux R1 solaires<\/p>\n","protected":false},"excerpt":{"rendered":"<p>Vous trouverez sous cette rubrique toutes nos r\u00e9alisations sp\u00e9ciales: Affichage r\u00e9glementaire \u00ab\u00a0ville sous vid\u00e9o surveillance\u00a0\u00bb &nbsp; Jeux pour cour d&rsquo;\u00e9cole &#8211; Alphabets et marelles clous inox Signalisations renforc\u00e9es LEDS Panneau MSA pour guider les secours en for\u00eat Panneau \u00ab\u00a0voisins vigilants\u00a0\u00bb Radars p\u00e9dagogiques alimentations EP et solaire Feux R1 solaires<\/p>\n","protected":false},"author":1,"featured_media":0,"parent":0,"menu_order":0,"comment_status":"closed","ping_status":"closed","template":"","meta":{"footnotes":""},"class_list":["post-106","page","type-page","status-publish","hentry"],"_links":{"self":[{"href":"https:\/\/ales-sas.com\/index.php\/wp-json\/wp\/v2\/pages\/106","targetHints":{"allow":["GET"]}}],"collection":[{"href":"https:\/\/ales-sas.com\/index.php\/wp-json\/wp\/v2\/pages"}],"about":[{"href":"https:\/\/ales-sas.com\/index.php\/wp-json\/wp\/v2\/types\/page"}],"author":[{"embeddable":true,"href":"https:\/\/ales-sas.com\/index.php\/wp-json\/wp\/v2\/users\/1"}],"replies":[{"embeddable":true,"href":"https:\/\/ales-sas.com\/index.php\/wp-json\/wp\/v2\/comments?post=106"}],"version-history":[{"count":6,"href":"https:\/\/ales-sas.com\/index.php\/wp-json\/wp\/v2\/pages\/106\/revisions"}],"predecessor-version":[{"id":219,"href":"https:\/\/ales-sas.com\/index.php\/wp-json\/wp\/v2\/pages\/106\/revisions\/219"}],"wp:attachment":[{"href":"https:\/\/ales-sas.com\/index.php\/wp-json\/wp\/v2\/media?parent=106"}],"curies":[{"name":"wp","href":"https:\/\/api.w.org\/{rel}","templated":true}]}}