{"id":109,"date":"2018-06-27T15:31:16","date_gmt":"2018-06-27T13:31:16","guid":{"rendered":"http:\/\/ales-sas.com\/?page_id=109"},"modified":"2018-09-16T15:36:08","modified_gmt":"2018-09-16T13:36:08","slug":"accessibilite","status":"publish","type":"page","link":"https:\/\/ales-sas.com\/index.php\/accessibilite\/","title":{"rendered":"Accessibilit\u00e9"},"content":{"rendered":"<p>Nous cr\u00e9ons des places pour le stationnement des personnes \u00e0 mobilit\u00e9 r\u00e9duite (places pour handicap\u00e9s) selon vos besoins.<\/p>\n<p>Nous \u00e9quipons vos passages pour pi\u00e9ton, quais de BEV &#8211; Bandes d&rsquo;Eveil de Vigilance<\/p>\n<p>Nous guidons les personnes mal voyantes avec nos BAO &#8211; Bandes d&rsquo;Aide \u00e0 L&rsquo;orientation<\/p>\n<p>Les marquages au sol ou signalisation horizontale sont compl\u00e9t\u00e9s par les panneaux ou signalisations verticales. Dans le cas pr\u00e9sent les panneaux r\u00e9glementaire sont \u00ab\u00a0arr\u00eat interdit\u00a0\u00bb et le panonceau \u00ab\u00a0sauf PMR\u00a0\u00bb ou B6d et M6h.<\/p>\n\n\t\t<style type=\"text\/css\">\n\t\t\t#gallery-1 {\n\t\t\t\tmargin: auto;\n\t\t\t}\n\t\t\t#gallery-1 .gallery-item {\n\t\t\t\tfloat: left;\n\t\t\t\tmargin-top: 10px;\n\t\t\t\ttext-align: center;\n\t\t\t\twidth: 33%;\n\t\t\t}\n\t\t\t#gallery-1 img {\n\t\t\t\tborder: 2px solid #cfcfcf;\n\t\t\t}\n\t\t\t#gallery-1 .gallery-caption {\n\t\t\t\tmargin-left: 0;\n\t\t\t}\n\t\t\t\/* see gallery_shortcode() in wp-includes\/media.php *\/\n\t\t<\/style>\n\t\t<div id='gallery-1' class='gallery galleryid-109 gallery-columns-3 gallery-size-medium'><dl class='gallery-item'>\n\t\t\t<dt class='gallery-icon landscape'>\n\t\t\t\t<a href='https:\/\/ales-sas.com\/ales-sas-bd-place-bleue-personnes-a-mobilite-reduite\/'><img loading=\"lazy\" decoding=\"async\" width=\"300\" height=\"169\" src=\"https:\/\/ales-sas.com\/wp-content\/uploads\/2018\/09\/ALES-sas-BD-place-bleue-PERSONNES-A-MOBILITE-REDUITE-300x169.jpg\" class=\"attachment-medium size-medium\" alt=\"Places pour handicap\u00e9s - Peinture compl\u00e9t\u00e9 en BLEU RAL 5015\" aria-describedby=\"gallery-1-224\" srcset=\"https:\/\/ales-sas.com\/wp-content\/uploads\/2018\/09\/ALES-sas-BD-place-bleue-PERSONNES-A-MOBILITE-REDUITE-300x169.jpg 300w, https:\/\/ales-sas.com\/wp-content\/uploads\/2018\/09\/ALES-sas-BD-place-bleue-PERSONNES-A-MOBILITE-REDUITE-768x432.jpg 768w, https:\/\/ales-sas.com\/wp-content\/uploads\/2018\/09\/ALES-sas-BD-place-bleue-PERSONNES-A-MOBILITE-REDUITE-1024x575.jpg 1024w, https:\/\/ales-sas.com\/wp-content\/uploads\/2018\/09\/ALES-sas-BD-place-bleue-PERSONNES-A-MOBILITE-REDUITE-350x197.jpg 350w, https:\/\/ales-sas.com\/wp-content\/uploads\/2018\/09\/ALES-sas-BD-place-bleue-PERSONNES-A-MOBILITE-REDUITE-860x484.jpg 860w, https:\/\/ales-sas.com\/wp-content\/uploads\/2018\/09\/ALES-sas-BD-place-bleue-PERSONNES-A-MOBILITE-REDUITE.jpg 1500w\" sizes=\"auto, (max-width: 300px) 100vw, 300px\" \/><\/a>\n\t\t\t<\/dt>\n\t\t\t\t<dd class='wp-caption-text gallery-caption' id='gallery-1-224'>\n\t\t\t\tPlaces pour personnes \u00e0 mobilit\u00e9 r\u00e9duite (PMR)\n\t\t\t\t<\/dd><\/dl><dl class='gallery-item'>\n\t\t\t<dt class='gallery-icon portrait'>\n\t\t\t\t<a href='https:\/\/ales-sas.com\/ales-sas-bd-bev-podotactile-sur-enrobes-neufs\/'><img loading=\"lazy\" decoding=\"async\" width=\"225\" height=\"300\" src=\"https:\/\/ales-sas.com\/wp-content\/uploads\/2018\/09\/ALES-sas-BD-BEV-podotactile-sur-enrobes-neufs-225x300.jpg\" class=\"attachment-medium size-medium\" alt=\"Bandes et collage en r\u00e9sine\" aria-describedby=\"gallery-1-223\" srcset=\"https:\/\/ales-sas.com\/wp-content\/uploads\/2018\/09\/ALES-sas-BD-BEV-podotactile-sur-enrobes-neufs-225x300.jpg 225w, https:\/\/ales-sas.com\/wp-content\/uploads\/2018\/09\/ALES-sas-BD-BEV-podotactile-sur-enrobes-neufs.jpg 600w\" sizes=\"auto, (max-width: 225px) 100vw, 225px\" \/><\/a>\n\t\t\t<\/dt>\n\t\t\t\t<dd class='wp-caption-text gallery-caption' id='gallery-1-223'>\n\t\t\t\tBandes d&rsquo;\u00e9veil de vigilance largeur r\u00e9duite\n\t\t\t\t<\/dd><\/dl><dl class='gallery-item'>\n\t\t\t<dt class='gallery-icon landscape'>\n\t\t\t\t<a href='https:\/\/ales-sas.com\/ales-sas-bd-place-pmr-et-guidage\/'><img loading=\"lazy\" decoding=\"async\" width=\"300\" height=\"169\" src=\"https:\/\/ales-sas.com\/wp-content\/uploads\/2018\/09\/ALES-sas-BD-Place-PMR-et-guidage-300x169.jpg\" class=\"attachment-medium size-medium\" alt=\"B6d et M6h en fixation sur bardage m\u00e9tallique\" aria-describedby=\"gallery-1-226\" srcset=\"https:\/\/ales-sas.com\/wp-content\/uploads\/2018\/09\/ALES-sas-BD-Place-PMR-et-guidage-300x169.jpg 300w, https:\/\/ales-sas.com\/wp-content\/uploads\/2018\/09\/ALES-sas-BD-Place-PMR-et-guidage-768x432.jpg 768w, https:\/\/ales-sas.com\/wp-content\/uploads\/2018\/09\/ALES-sas-BD-Place-PMR-et-guidage-1024x575.jpg 1024w, https:\/\/ales-sas.com\/wp-content\/uploads\/2018\/09\/ALES-sas-BD-Place-PMR-et-guidage-350x197.jpg 350w, https:\/\/ales-sas.com\/wp-content\/uploads\/2018\/09\/ALES-sas-BD-Place-PMR-et-guidage-860x484.jpg 860w, https:\/\/ales-sas.com\/wp-content\/uploads\/2018\/09\/ALES-sas-BD-Place-PMR-et-guidage.jpg 1500w\" sizes=\"auto, (max-width: 300px) 100vw, 300px\" \/><\/a>\n\t\t\t<\/dt>\n\t\t\t\t<dd class='wp-caption-text gallery-caption' id='gallery-1-226'>\n\t\t\t\tPlace PMR avec guidage mal voyants\n\t\t\t\t<\/dd><\/dl><br style=\"clear: both\" \/><dl class='gallery-item'>\n\t\t\t<dt class='gallery-icon portrait'>\n\t\t\t\t<a href='https:\/\/ales-sas.com\/ales-sas-bd-pose-bao\/'><img loading=\"lazy\" decoding=\"async\" width=\"169\" height=\"300\" src=\"https:\/\/ales-sas.com\/wp-content\/uploads\/2018\/09\/ALES-sas-BD-Pose-BAO-169x300.jpg\" class=\"attachment-medium size-medium\" alt=\"raccord d&#039;angle de BAO \u00e0 3 cannelures\" aria-describedby=\"gallery-1-228\" srcset=\"https:\/\/ales-sas.com\/wp-content\/uploads\/2018\/09\/ALES-sas-BD-Pose-BAO-169x300.jpg 169w, https:\/\/ales-sas.com\/wp-content\/uploads\/2018\/09\/ALES-sas-BD-Pose-BAO.jpg 450w\" sizes=\"auto, (max-width: 169px) 100vw, 169px\" \/><\/a>\n\t\t\t<\/dt>\n\t\t\t\t<dd class='wp-caption-text gallery-caption' id='gallery-1-228'>\n\t\t\t\tBandes d&rsquo;aide \u00e0 l&rsquo;orientation &#8211; Raccords\n\t\t\t\t<\/dd><\/dl><dl class='gallery-item'>\n\t\t\t<dt class='gallery-icon landscape'>\n\t\t\t\t<a href='https:\/\/ales-sas.com\/ales-sas-bd-place-pmr-sv-sh\/'><img loading=\"lazy\" decoding=\"async\" width=\"300\" height=\"169\" src=\"https:\/\/ales-sas.com\/wp-content\/uploads\/2018\/09\/ALES-sas-BD-Place-PMR-SV-SH-300x169.jpg\" class=\"attachment-medium size-medium\" alt=\"Panneau B6d avec panonceau M6h\" aria-describedby=\"gallery-1-227\" srcset=\"https:\/\/ales-sas.com\/wp-content\/uploads\/2018\/09\/ALES-sas-BD-Place-PMR-SV-SH-300x169.jpg 300w, https:\/\/ales-sas.com\/wp-content\/uploads\/2018\/09\/ALES-sas-BD-Place-PMR-SV-SH-768x432.jpg 768w, https:\/\/ales-sas.com\/wp-content\/uploads\/2018\/09\/ALES-sas-BD-Place-PMR-SV-SH-1024x575.jpg 1024w, https:\/\/ales-sas.com\/wp-content\/uploads\/2018\/09\/ALES-sas-BD-Place-PMR-SV-SH-350x197.jpg 350w, https:\/\/ales-sas.com\/wp-content\/uploads\/2018\/09\/ALES-sas-BD-Place-PMR-SV-SH-860x484.jpg 860w, https:\/\/ales-sas.com\/wp-content\/uploads\/2018\/09\/ALES-sas-BD-Place-PMR-SV-SH.jpg 1500w\" sizes=\"auto, (max-width: 300px) 100vw, 300px\" \/><\/a>\n\t\t\t<\/dt>\n\t\t\t\t<dd class='wp-caption-text gallery-caption' id='gallery-1-227'>\n\t\t\t\tStationnement interdit sauf PMR \n\t\t\t\t<\/dd><\/dl><dl class='gallery-item'>\n\t\t\t<dt class='gallery-icon portrait'>\n\t\t\t\t<a href='https:\/\/ales-sas.com\/ales-sas-bd-place-pmr-et-bao\/'><img loading=\"lazy\" decoding=\"async\" width=\"225\" height=\"300\" src=\"https:\/\/ales-sas.com\/wp-content\/uploads\/2018\/09\/ALES-sas-BD-place-PMR-et-BAO-225x300.jpg\" class=\"attachment-medium size-medium\" alt=\"B6d et M6h en fixation sur m\u00e2t\" aria-describedby=\"gallery-1-225\" srcset=\"https:\/\/ales-sas.com\/wp-content\/uploads\/2018\/09\/ALES-sas-BD-place-PMR-et-BAO-225x300.jpg 225w, https:\/\/ales-sas.com\/wp-content\/uploads\/2018\/09\/ALES-sas-BD-place-PMR-et-BAO-768x1024.jpg 768w, https:\/\/ales-sas.com\/wp-content\/uploads\/2018\/09\/ALES-sas-BD-place-PMR-et-BAO.jpg 1125w\" sizes=\"auto, (max-width: 225px) 100vw, 225px\" \/><\/a>\n\t\t\t<\/dt>\n\t\t\t\t<dd class='wp-caption-text gallery-caption' id='gallery-1-225'>\n\t\t\t\tStationnement PMR et signalisation verticale sur m\u00e2t acier galvanis\u00e9\n\t\t\t\t<\/dd><\/dl><br style=\"clear: both\" \/>\n\t\t<\/div>\n\n","protected":false},"excerpt":{"rendered":"<p>Nous cr\u00e9ons des places pour le stationnement des personnes \u00e0 mobilit\u00e9 r\u00e9duite (places pour handicap\u00e9s) selon vos besoins. Nous \u00e9quipons vos passages pour pi\u00e9ton, quais de BEV &#8211; Bandes d&rsquo;Eveil de Vigilance Nous guidons les personnes mal voyantes avec nos BAO &#8211; Bandes d&rsquo;Aide \u00e0 L&rsquo;orientation Les marquages au sol ou signalisation horizontale sont compl\u00e9t\u00e9s <a class=\"more-link\" href=\"https:\/\/ales-sas.com\/index.php\/accessibilite\/\">Lire plus &#8230;<\/a><\/p>\n","protected":false},"author":1,"featured_media":0,"parent":0,"menu_order":0,"comment_status":"closed","ping_status":"closed","template":"","meta":{"footnotes":""},"class_list":["post-109","page","type-page","status-publish","hentry"],"_links":{"self":[{"href":"https:\/\/ales-sas.com\/index.php\/wp-json\/wp\/v2\/pages\/109","targetHints":{"allow":["GET"]}}],"collection":[{"href":"https:\/\/ales-sas.com\/index.php\/wp-json\/wp\/v2\/pages"}],"about":[{"href":"https:\/\/ales-sas.com\/index.php\/wp-json\/wp\/v2\/types\/page"}],"author":[{"embeddable":true,"href":"https:\/\/ales-sas.com\/index.php\/wp-json\/wp\/v2\/users\/1"}],"replies":[{"embeddable":true,"href":"https:\/\/ales-sas.com\/index.php\/wp-json\/wp\/v2\/comments?post=109"}],"version-history":[{"count":5,"href":"https:\/\/ales-sas.com\/index.php\/wp-json\/wp\/v2\/pages\/109\/revisions"}],"predecessor-version":[{"id":262,"href":"https:\/\/ales-sas.com\/index.php\/wp-json\/wp\/v2\/pages\/109\/revisions\/262"}],"wp:attachment":[{"href":"https:\/\/ales-sas.com\/index.php\/wp-json\/wp\/v2\/media?parent=109"}],"curies":[{"name":"wp","href":"https:\/\/api.w.org\/{rel}","templated":true}]}}