{"id":116,"date":"2018-06-27T15:41:05","date_gmt":"2018-06-27T13:41:05","guid":{"rendered":"http:\/\/ales-sas.com\/?page_id=116"},"modified":"2018-09-02T22:36:15","modified_gmt":"2018-09-02T20:36:15","slug":"marquage-industrie","status":"publish","type":"page","link":"https:\/\/ales-sas.com\/index.php\/marquage-industrie\/","title":{"rendered":"Marquage industrie"},"content":{"rendered":"<p>Nos interventions en industrie se plient \u00e0 vos besoins, un symbole B6a1 pour stationnement interdit peut atteindre les 4 m\u00e8tres de diam\u00e8tre<\/p>\n<div id=\"attachment_57\" style=\"width: 310px\" class=\"wp-caption aligncenter\"><img loading=\"lazy\" decoding=\"async\" aria-describedby=\"caption-attachment-57\" class=\"size-medium wp-image-57\" src=\"https:\/\/ales-sas.com\/wp-content\/uploads\/2018\/06\/ALES-sas-panneau-diam-4000-300x225.jpg\" alt=\"B6a1\" width=\"300\" height=\"225\" srcset=\"https:\/\/ales-sas.com\/wp-content\/uploads\/2018\/06\/ALES-sas-panneau-diam-4000-300x225.jpg 300w, https:\/\/ales-sas.com\/wp-content\/uploads\/2018\/06\/ALES-sas-panneau-diam-4000-768x576.jpg 768w, https:\/\/ales-sas.com\/wp-content\/uploads\/2018\/06\/ALES-sas-panneau-diam-4000-1024x768.jpg 1024w, https:\/\/ales-sas.com\/wp-content\/uploads\/2018\/06\/ALES-sas-panneau-diam-4000.jpg 2048w\" sizes=\"auto, (max-width: 300px) 100vw, 300px\" \/><p id=\"caption-attachment-57\" class=\"wp-caption-text\">Stationnement interdit<\/p><\/div>\n<p>Nous s\u00e9parons le flux pi\u00e9ton et le flux des v\u00e9hicules<\/p>\n<p>Les pi\u00e9tons sont invit\u00e9s \u00e0 suivre la piste marqu\u00e9e \u00e0 leur usage.<\/p>\n<p>Les v\u00e9hicules doivent limiter leur vitesse \u00e0 10 kilom\u00e8tres par heure<\/p>\n<div id=\"attachment_189\" style=\"width: 179px\" class=\"wp-caption aligncenter\"><img loading=\"lazy\" decoding=\"async\" aria-describedby=\"caption-attachment-189\" class=\"size-medium wp-image-189\" src=\"https:\/\/ales-sas.com\/wp-content\/uploads\/2018\/07\/ALES-sas-B14-10-KM_H-en-peinture-169x300.jpg\" alt=\"limitation de vitesse \u00e0 10 km \/ heure\" width=\"169\" height=\"300\" srcset=\"https:\/\/ales-sas.com\/wp-content\/uploads\/2018\/07\/ALES-sas-B14-10-KM_H-en-peinture-169x300.jpg 169w, https:\/\/ales-sas.com\/wp-content\/uploads\/2018\/07\/ALES-sas-B14-10-KM_H-en-peinture.jpg 450w\" sizes=\"auto, (max-width: 169px) 100vw, 169px\" \/><p id=\"caption-attachment-189\" class=\"wp-caption-text\">panneau B14 (10) r\u00e9alisation en peinture<\/p><\/div>\n<p>Nos clients ont nous invitent \u00e0 faire preuve de cr\u00e9ativit\u00e9<\/p>\n<p>Notre symbole pi\u00e9ton peut \u00eatres JAUNE, BLANC ou BLANC sur DISQUE BLEU<\/p>\n\n\t\t<style type=\"text\/css\">\n\t\t\t#gallery-1 {\n\t\t\t\tmargin: auto;\n\t\t\t}\n\t\t\t#gallery-1 .gallery-item {\n\t\t\t\tfloat: left;\n\t\t\t\tmargin-top: 10px;\n\t\t\t\ttext-align: center;\n\t\t\t\twidth: 25%;\n\t\t\t}\n\t\t\t#gallery-1 img {\n\t\t\t\tborder: 2px solid #cfcfcf;\n\t\t\t}\n\t\t\t#gallery-1 .gallery-caption {\n\t\t\t\tmargin-left: 0;\n\t\t\t}\n\t\t\t\/* see gallery_shortcode() in wp-includes\/media.php *\/\n\t\t<\/style>\n\t\t<div id='gallery-1' class='gallery galleryid-116 gallery-columns-4 gallery-size-medium'><dl class='gallery-item'>\n\t\t\t<dt class='gallery-icon portrait'>\n\t\t\t\t<a href='https:\/\/ales-sas.com\/wp-content\/uploads\/2018\/07\/ALES-sas-Guidage-pi\u00e9ton-en-atelier.jpg'><img loading=\"lazy\" decoding=\"async\" width=\"169\" height=\"300\" src=\"https:\/\/ales-sas.com\/wp-content\/uploads\/2018\/07\/ALES-sas-Guidage-pi\u00e9ton-en-atelier-169x300.jpg\" class=\"attachment-medium size-medium\" alt=\"Canalisation du flux pi\u00e9ton en atelier\" aria-describedby=\"gallery-1-193\" srcset=\"https:\/\/ales-sas.com\/wp-content\/uploads\/2018\/07\/ALES-sas-Guidage-pi\u00e9ton-en-atelier-169x300.jpg 169w, https:\/\/ales-sas.com\/wp-content\/uploads\/2018\/07\/ALES-sas-Guidage-pi\u00e9ton-en-atelier-576x1024.jpg 576w, https:\/\/ales-sas.com\/wp-content\/uploads\/2018\/07\/ALES-sas-Guidage-pi\u00e9ton-en-atelier.jpg 675w\" sizes=\"auto, (max-width: 169px) 100vw, 169px\" \/><\/a>\n\t\t\t<\/dt>\n\t\t\t\t<dd class='wp-caption-text gallery-caption' id='gallery-1-193'>\n\t\t\t\tPiste pi\u00e9ton JAUNE &#8211; Symbole pi\u00e9ton BLANC sur disque BLEU\n\t\t\t\t<\/dd><\/dl><dl class='gallery-item'>\n\t\t\t<dt class='gallery-icon portrait'>\n\t\t\t\t<a href='https:\/\/ales-sas.com\/wp-content\/uploads\/2018\/07\/ALES-sas-piste-pi\u00e9ton-JAUNE.jpg'><img loading=\"lazy\" decoding=\"async\" width=\"169\" height=\"300\" src=\"https:\/\/ales-sas.com\/wp-content\/uploads\/2018\/07\/ALES-sas-piste-pi\u00e9ton-JAUNE-169x300.jpg\" class=\"attachment-medium size-medium\" alt=\"Canalisation du flux pi\u00e9ton dans la cour d&#039;une usine\" aria-describedby=\"gallery-1-195\" srcset=\"https:\/\/ales-sas.com\/wp-content\/uploads\/2018\/07\/ALES-sas-piste-pi\u00e9ton-JAUNE-169x300.jpg 169w, https:\/\/ales-sas.com\/wp-content\/uploads\/2018\/07\/ALES-sas-piste-pi\u00e9ton-JAUNE-576x1024.jpg 576w, https:\/\/ales-sas.com\/wp-content\/uploads\/2018\/07\/ALES-sas-piste-pi\u00e9ton-JAUNE.jpg 675w\" sizes=\"auto, (max-width: 169px) 100vw, 169px\" \/><\/a>\n\t\t\t<\/dt>\n\t\t\t\t<dd class='wp-caption-text gallery-caption' id='gallery-1-195'>\n\t\t\t\tPiste pi\u00e9ton JAUNE &#8211; Symbole pi\u00e9ton JAUNE\n\t\t\t\t<\/dd><\/dl><dl class='gallery-item'>\n\t\t\t<dt class='gallery-icon portrait'>\n\t\t\t\t<a href='https:\/\/ales-sas.com\/wp-content\/uploads\/2018\/08\/ALES-sas-BD-cheminement-pieton-et-stationement-PL.jpg'><img loading=\"lazy\" decoding=\"async\" width=\"169\" height=\"300\" src=\"https:\/\/ales-sas.com\/wp-content\/uploads\/2018\/08\/ALES-sas-BD-cheminement-pieton-et-stationement-PL-169x300.jpg\" class=\"attachment-medium size-medium\" alt=\"Flux pi\u00e9ton et flux camion\" aria-describedby=\"gallery-1-211\" srcset=\"https:\/\/ales-sas.com\/wp-content\/uploads\/2018\/08\/ALES-sas-BD-cheminement-pieton-et-stationement-PL-169x300.jpg 169w, https:\/\/ales-sas.com\/wp-content\/uploads\/2018\/08\/ALES-sas-BD-cheminement-pieton-et-stationement-PL-576x1024.jpg 576w, https:\/\/ales-sas.com\/wp-content\/uploads\/2018\/08\/ALES-sas-BD-cheminement-pieton-et-stationement-PL.jpg 675w\" sizes=\"auto, (max-width: 169px) 100vw, 169px\" \/><\/a>\n\t\t\t<\/dt>\n\t\t\t\t<dd class='wp-caption-text gallery-caption' id='gallery-1-211'>\n\t\t\t\tPiste pi\u00e9ton en ext\u00e9rieur &#8211; Symbole pi\u00e9ton JAUNE \n\t\t\t\t<\/dd><\/dl><dl class='gallery-item'>\n\t\t\t<dt class='gallery-icon portrait'>\n\t\t\t\t<a href='https:\/\/ales-sas.com\/wp-content\/uploads\/2018\/06\/ALES-sas-marquage-industrie-ZONAGE.jpg'><img loading=\"lazy\" decoding=\"async\" width=\"225\" height=\"300\" src=\"https:\/\/ales-sas.com\/wp-content\/uploads\/2018\/06\/ALES-sas-marquage-industrie-ZONAGE-225x300.jpg\" class=\"attachment-medium size-medium\" alt=\"Bandes de 0,15 m de largeur - Jaune et verte\" aria-describedby=\"gallery-1-84\" srcset=\"https:\/\/ales-sas.com\/wp-content\/uploads\/2018\/06\/ALES-sas-marquage-industrie-ZONAGE-225x300.jpg 225w, https:\/\/ales-sas.com\/wp-content\/uploads\/2018\/06\/ALES-sas-marquage-industrie-ZONAGE-768x1024.jpg 768w, https:\/\/ales-sas.com\/wp-content\/uploads\/2018\/06\/ALES-sas-marquage-industrie-ZONAGE.jpg 1536w\" sizes=\"auto, (max-width: 225px) 100vw, 225px\" \/><\/a>\n\t\t\t<\/dt>\n\t\t\t\t<dd class='wp-caption-text gallery-caption' id='gallery-1-84'>\n\t\t\t\tMarquage de zone VERT et JAUNE \n\t\t\t\t<\/dd><\/dl><br style=\"clear: both\" \/><dl class='gallery-item'>\n\t\t\t<dt class='gallery-icon landscape'>\n\t\t\t\t<a href='https:\/\/ales-sas.com\/wp-content\/uploads\/2018\/06\/ALES-sas-marq-indus-zone-stockage.jpg'><img loading=\"lazy\" decoding=\"async\" width=\"300\" height=\"225\" src=\"https:\/\/ales-sas.com\/wp-content\/uploads\/2018\/06\/ALES-sas-marq-indus-zone-stockage-300x225.jpg\" class=\"attachment-medium size-medium\" alt=\"M\u00e9thode gestion de stocks\" aria-describedby=\"gallery-1-81\" srcset=\"https:\/\/ales-sas.com\/wp-content\/uploads\/2018\/06\/ALES-sas-marq-indus-zone-stockage-300x225.jpg 300w, https:\/\/ales-sas.com\/wp-content\/uploads\/2018\/06\/ALES-sas-marq-indus-zone-stockage-768x576.jpg 768w, https:\/\/ales-sas.com\/wp-content\/uploads\/2018\/06\/ALES-sas-marq-indus-zone-stockage-1024x768.jpg 1024w, https:\/\/ales-sas.com\/wp-content\/uploads\/2018\/06\/ALES-sas-marq-indus-zone-stockage.jpg 2048w\" sizes=\"auto, (max-width: 300px) 100vw, 300px\" \/><\/a>\n\t\t\t<\/dt>\n\t\t\t\t<dd class='wp-caption-text gallery-caption' id='gallery-1-81'>\n\t\t\t\tMarquage au sol de stockage diff\u00e9renci\u00e9s JAUNES VERT et BLEU\n\t\t\t\t<\/dd><\/dl>\n\t\t\t<br style='clear: both' \/>\n\t\t<\/div>\n\n","protected":false},"excerpt":{"rendered":"<p>Nos interventions en industrie se plient \u00e0 vos besoins, un symbole B6a1 pour stationnement interdit peut atteindre les 4 m\u00e8tres de diam\u00e8tre Nous s\u00e9parons le flux pi\u00e9ton et le flux des v\u00e9hicules Les pi\u00e9tons sont invit\u00e9s \u00e0 suivre la piste marqu\u00e9e \u00e0 leur usage. Les v\u00e9hicules doivent limiter leur vitesse \u00e0 10 kilom\u00e8tres par heure <a class=\"more-link\" href=\"https:\/\/ales-sas.com\/index.php\/marquage-industrie\/\">Lire plus &#8230;<\/a><\/p>\n","protected":false},"author":1,"featured_media":0,"parent":0,"menu_order":0,"comment_status":"closed","ping_status":"closed","template":"","meta":{"footnotes":""},"class_list":["post-116","page","type-page","status-publish","hentry"],"_links":{"self":[{"href":"https:\/\/ales-sas.com\/index.php\/wp-json\/wp\/v2\/pages\/116","targetHints":{"allow":["GET"]}}],"collection":[{"href":"https:\/\/ales-sas.com\/index.php\/wp-json\/wp\/v2\/pages"}],"about":[{"href":"https:\/\/ales-sas.com\/index.php\/wp-json\/wp\/v2\/types\/page"}],"author":[{"embeddable":true,"href":"https:\/\/ales-sas.com\/index.php\/wp-json\/wp\/v2\/users\/1"}],"replies":[{"embeddable":true,"href":"https:\/\/ales-sas.com\/index.php\/wp-json\/wp\/v2\/comments?post=116"}],"version-history":[{"count":16,"href":"https:\/\/ales-sas.com\/index.php\/wp-json\/wp\/v2\/pages\/116\/revisions"}],"predecessor-version":[{"id":238,"href":"https:\/\/ales-sas.com\/index.php\/wp-json\/wp\/v2\/pages\/116\/revisions\/238"}],"wp:attachment":[{"href":"https:\/\/ales-sas.com\/index.php\/wp-json\/wp\/v2\/media?parent=116"}],"curies":[{"name":"wp","href":"https:\/\/api.w.org\/{rel}","templated":true}]}}