{"id":2,"date":"2018-05-15T10:39:21","date_gmt":"2018-05-15T08:39:21","guid":{"rendered":"http:\/\/ales-sas.com\/?page_id=2"},"modified":"2018-09-23T17:57:05","modified_gmt":"2018-09-23T15:57:05","slug":"page-d-exemple","status":"publish","type":"page","link":"https:\/\/ales-sas.com\/index.php\/accueil-signalisation-horizontale\/page-d-exemple\/","title":{"rendered":"R\u00e9sine \u00e0 chaud"},"content":{"rendered":"<p>Les ENDUITS \u00e0 CHAUD, appel\u00e9s \u00e9galement\u00a0<u><a href=\"https:\/\/www.virages.com\/Produits-de-Marquage\/Resine-Thermoplastique-a-Chaud\">r\u00e9sines thermoplastiques<\/a><\/u>, sont conditionn\u00e9s dans des sacs thermofusibles sous forme de m\u00e9lange de poudres sans solvant.<br \/>\nIl est n\u00e9cessaire de chauffer les enduits dans un\u00a0<u><a href=\"https:\/\/www.virages.com\/Materiels-Application-Enduits-a-Chaud\/21970-Fondoir-sur-remorque-F180RA-malaxage-auto\">fondoir malaxeur<\/a><\/u>\u00a0entre 160\u00b0C et 180\u00b0C pour obtenir un produit fluide.<\/p>\n<p>Nous appliquons habituellement 4 Kg \u00e0 6 Kg de produit par m\u00b2 en fonction de l\u2019\u00e9tat du support.<br \/>\nLe produit est vers\u00e9 dans un sabot d&rsquo;application.<\/p>\n<p>Nous utilisons un sabot par largeur de ligne souhait\u00e9e. Le sabot \u00e9quip\u00e9 d\u2019une trappe en partie basse, laisse couler le produit en fusion par gravit\u00e9 sur le sol.<\/p>\n<p>D\u00e8s que le produit est refroidi, nous pouvons r\u00e9tablir la circulation des v\u00e9hicules.<\/p>\n<p>Les ENDUITS A CHAUD existent \u00e9galement en formats pr\u00e9fabriqu\u00e9es et pr\u00eats \u00e0 l\u2019emploi. Les utilisations sont alors tr\u00e8s diverses\u00a0: Symboles et logos en de couleur blanche, mais aussi une grande vari\u00e9t\u00e9 de produits en couleur ludiques et p\u00e9dagogiques destin\u00e9s aux cours d\u2019\u00e9coles<\/p>\n\n\t\t<style type=\"text\/css\">\n\t\t\t#gallery-1 {\n\t\t\t\tmargin: auto;\n\t\t\t}\n\t\t\t#gallery-1 .gallery-item {\n\t\t\t\tfloat: left;\n\t\t\t\tmargin-top: 10px;\n\t\t\t\ttext-align: center;\n\t\t\t\twidth: 33%;\n\t\t\t}\n\t\t\t#gallery-1 img {\n\t\t\t\tborder: 2px solid #cfcfcf;\n\t\t\t}\n\t\t\t#gallery-1 .gallery-caption {\n\t\t\t\tmargin-left: 0;\n\t\t\t}\n\t\t\t\/* see gallery_shortcode() in wp-includes\/media.php *\/\n\t\t<\/style>\n\t\t<div id='gallery-1' class='gallery galleryid-2 gallery-columns-3 gallery-size-medium'><dl class='gallery-item'>\n\t\t\t<dt class='gallery-icon landscape'>\n\t\t\t\t<a href='https:\/\/ales-sas.com\/ales-sas-bd-alphabet\/'><img loading=\"lazy\" decoding=\"async\" width=\"300\" height=\"169\" src=\"https:\/\/ales-sas.com\/wp-content\/uploads\/2018\/09\/ALES-sas-BD-alphabet-300x169.jpg\" class=\"attachment-medium size-medium\" alt=\"Marquage r\u00e9sine coll\u00e9e \u00e0 chaud\" aria-describedby=\"gallery-1-255\" srcset=\"https:\/\/ales-sas.com\/wp-content\/uploads\/2018\/09\/ALES-sas-BD-alphabet-300x169.jpg 300w, https:\/\/ales-sas.com\/wp-content\/uploads\/2018\/09\/ALES-sas-BD-alphabet-768x432.jpg 768w, https:\/\/ales-sas.com\/wp-content\/uploads\/2018\/09\/ALES-sas-BD-alphabet-1024x576.jpg 1024w, https:\/\/ales-sas.com\/wp-content\/uploads\/2018\/09\/ALES-sas-BD-alphabet-350x197.jpg 350w, https:\/\/ales-sas.com\/wp-content\/uploads\/2018\/09\/ALES-sas-BD-alphabet-860x484.jpg 860w, https:\/\/ales-sas.com\/wp-content\/uploads\/2018\/09\/ALES-sas-BD-alphabet.jpg 1600w\" sizes=\"auto, (max-width: 300px) 100vw, 300px\" \/><\/a>\n\t\t\t<\/dt>\n\t\t\t\t<dd class='wp-caption-text gallery-caption' id='gallery-1-255'>\n\t\t\t\tAlphabet dispers\u00e9 en r\u00e9sine pr\u00e9fabriqu\u00e9e thermocollante\n\t\t\t\t<\/dd><\/dl><dl class='gallery-item'>\n\t\t\t<dt class='gallery-icon landscape'>\n\t\t\t\t<a href='https:\/\/ales-sas.com\/ales-sas-bd-place-pmr-marquage-thermo\/'><img loading=\"lazy\" decoding=\"async\" width=\"300\" height=\"169\" src=\"https:\/\/ales-sas.com\/wp-content\/uploads\/2018\/09\/ALES-sas-BD-place-PMR-marquage-THERMO-300x169.jpg\" class=\"attachment-medium size-medium\" alt=\"logo PMR coll\u00e9 \u00e0 chaud\" aria-describedby=\"gallery-1-257\" srcset=\"https:\/\/ales-sas.com\/wp-content\/uploads\/2018\/09\/ALES-sas-BD-place-PMR-marquage-THERMO-300x169.jpg 300w, https:\/\/ales-sas.com\/wp-content\/uploads\/2018\/09\/ALES-sas-BD-place-PMR-marquage-THERMO-768x432.jpg 768w, https:\/\/ales-sas.com\/wp-content\/uploads\/2018\/09\/ALES-sas-BD-place-PMR-marquage-THERMO-350x197.jpg 350w, https:\/\/ales-sas.com\/wp-content\/uploads\/2018\/09\/ALES-sas-BD-place-PMR-marquage-THERMO.jpg 800w\" sizes=\"auto, (max-width: 300px) 100vw, 300px\" \/><\/a>\n\t\t\t<\/dt>\n\t\t\t\t<dd class='wp-caption-text gallery-caption' id='gallery-1-257'>\n\t\t\t\tSymbole pr\u00e9fabriqu\u00e9 coll\u00e9 \u00e0 chaud pour place handicap\u00e9\n\t\t\t\t<\/dd><\/dl><dl class='gallery-item'>\n\t\t\t<dt class='gallery-icon portrait'>\n\t\t\t\t<a href='https:\/\/ales-sas.com\/ales-sas-bd-marelle-en-resines-colorees\/'><img loading=\"lazy\" decoding=\"async\" width=\"169\" height=\"300\" src=\"https:\/\/ales-sas.com\/wp-content\/uploads\/2018\/09\/ALES-sas-BD-Marelle-en-r\u00e9sines-color\u00e9es-169x300.jpg\" class=\"attachment-medium size-medium\" alt=\"Marelle en r\u00e9sine thermo\" aria-describedby=\"gallery-1-256\" srcset=\"https:\/\/ales-sas.com\/wp-content\/uploads\/2018\/09\/ALES-sas-BD-Marelle-en-r\u00e9sines-color\u00e9es-169x300.jpg 169w, https:\/\/ales-sas.com\/wp-content\/uploads\/2018\/09\/ALES-sas-BD-Marelle-en-r\u00e9sines-color\u00e9es-768x1367.jpg 768w, https:\/\/ales-sas.com\/wp-content\/uploads\/2018\/09\/ALES-sas-BD-Marelle-en-r\u00e9sines-color\u00e9es-575x1024.jpg 575w, https:\/\/ales-sas.com\/wp-content\/uploads\/2018\/09\/ALES-sas-BD-Marelle-en-r\u00e9sines-color\u00e9es.jpg 843w\" sizes=\"auto, (max-width: 169px) 100vw, 169px\" \/><\/a>\n\t\t\t<\/dt>\n\t\t\t\t<dd class='wp-caption-text gallery-caption' id='gallery-1-256'>\n\t\t\t\tMarelle ciel et terre en r\u00e9sine pr\u00e9fabriqu\u00e9e thermocollante\n\t\t\t\t<\/dd><\/dl><br style=\"clear: both\" \/><dl class='gallery-item'>\n\t\t\t<dt class='gallery-icon portrait'>\n\t\t\t\t<a href='https:\/\/ales-sas.com\/ales-sas-bd-thermo-pmr\/'><img loading=\"lazy\" decoding=\"async\" width=\"169\" height=\"300\" src=\"https:\/\/ales-sas.com\/wp-content\/uploads\/2018\/09\/ALES-sas-BD-Thermo-PMR--169x300.jpg\" class=\"attachment-medium size-medium\" alt=\"Alignement des symboles PMR thermo coll\u00e9s\" aria-describedby=\"gallery-1-258\" srcset=\"https:\/\/ales-sas.com\/wp-content\/uploads\/2018\/09\/ALES-sas-BD-Thermo-PMR--169x300.jpg 169w, https:\/\/ales-sas.com\/wp-content\/uploads\/2018\/09\/ALES-sas-BD-Thermo-PMR-.jpg 450w\" sizes=\"auto, (max-width: 169px) 100vw, 169px\" \/><\/a>\n\t\t\t<\/dt>\n\t\t\t\t<dd class='wp-caption-text gallery-caption' id='gallery-1-258'>\n\t\t\t\tMarquage r\u00e9glementaire d&rsquo;une place PMR\n\t\t\t\t<\/dd><\/dl>\n\t\t\t<br style='clear: both' \/>\n\t\t<\/div>\n\n","protected":false},"excerpt":{"rendered":"<p>Les ENDUITS \u00e0 CHAUD, appel\u00e9s \u00e9galement\u00a0r\u00e9sines thermoplastiques, sont conditionn\u00e9s dans des sacs thermofusibles sous forme de m\u00e9lange de poudres sans solvant. Il est n\u00e9cessaire de chauffer les enduits dans un\u00a0fondoir malaxeur\u00a0entre 160\u00b0C et 180\u00b0C pour obtenir un produit fluide. Nous appliquons habituellement 4 Kg \u00e0 6 Kg de produit par m\u00b2 en fonction de l\u2019\u00e9tat <a class=\"more-link\" href=\"https:\/\/ales-sas.com\/index.php\/accueil-signalisation-horizontale\/page-d-exemple\/\">Lire plus &#8230;<\/a><\/p>\n","protected":false},"author":1,"featured_media":0,"parent":27,"menu_order":3,"comment_status":"closed","ping_status":"open","template":"","meta":{"footnotes":""},"class_list":["post-2","page","type-page","status-publish","hentry"],"_links":{"self":[{"href":"https:\/\/ales-sas.com\/index.php\/wp-json\/wp\/v2\/pages\/2","targetHints":{"allow":["GET"]}}],"collection":[{"href":"https:\/\/ales-sas.com\/index.php\/wp-json\/wp\/v2\/pages"}],"about":[{"href":"https:\/\/ales-sas.com\/index.php\/wp-json\/wp\/v2\/types\/page"}],"author":[{"embeddable":true,"href":"https:\/\/ales-sas.com\/index.php\/wp-json\/wp\/v2\/users\/1"}],"replies":[{"embeddable":true,"href":"https:\/\/ales-sas.com\/index.php\/wp-json\/wp\/v2\/comments?post=2"}],"version-history":[{"count":4,"href":"https:\/\/ales-sas.com\/index.php\/wp-json\/wp\/v2\/pages\/2\/revisions"}],"predecessor-version":[{"id":260,"href":"https:\/\/ales-sas.com\/index.php\/wp-json\/wp\/v2\/pages\/2\/revisions\/260"}],"up":[{"embeddable":true,"href":"https:\/\/ales-sas.com\/index.php\/wp-json\/wp\/v2\/pages\/27"}],"wp:attachment":[{"href":"https:\/\/ales-sas.com\/index.php\/wp-json\/wp\/v2\/media?parent=2"}],"curies":[{"name":"wp","href":"https:\/\/api.w.org\/{rel}","templated":true}]}}