{"id":21,"date":"2018-06-27T14:07:56","date_gmt":"2018-06-27T12:07:56","guid":{"rendered":"http:\/\/ales-sas.com\/?page_id=21"},"modified":"2018-09-23T17:28:15","modified_gmt":"2018-09-23T15:28:15","slug":"peintures-routieres","status":"publish","type":"page","link":"https:\/\/ales-sas.com\/index.php\/accueil-signalisation-horizontale\/peintures-routieres\/","title":{"rendered":"Peintures routi\u00e8res"},"content":{"rendered":"<p>Peintures routi\u00e8res<\/p>\n<p>Les peintures que nous utilisons pour le marquage routier sont pr\u00eates \u00e0 l&#8217;emploi, conditionn\u00e9es en seaux de 25 Kg certifi\u00e9es CE et NF par l\u2019ASCQUER \u2013 Association pour la Certification et la Qualification des Equipements de la Route.<br \/>\nElles sont parfaitement adapt\u00e9es aux marquages routiers et urbains et aux grands travaux de marquage lin\u00e9aire. Elles s&rsquo;appliquent en couche mince \u00e0 l&rsquo;aide de machines d\u2019application airless haute pression \u00e9quip\u00e9s de pistolets de tra\u00e7age.<\/p>\n<p>Le dosage est pr\u00e9cis\u00e9 pour chaque peinture sur sa FICHE de CERTIFICATION.<\/p>\n<p>La fiche technique pr\u00e9cise \u00e9galement le produit de saupoudrage certifi\u00e9 avec chaque produit de marquage pour atteindre un niveau de performance optimal sur vos chauss\u00e9es.<\/p>\n\n\t\t<style type=\"text\/css\">\n\t\t\t#gallery-1 {\n\t\t\t\tmargin: auto;\n\t\t\t}\n\t\t\t#gallery-1 .gallery-item {\n\t\t\t\tfloat: left;\n\t\t\t\tmargin-top: 10px;\n\t\t\t\ttext-align: center;\n\t\t\t\twidth: 33%;\n\t\t\t}\n\t\t\t#gallery-1 img {\n\t\t\t\tborder: 2px solid #cfcfcf;\n\t\t\t}\n\t\t\t#gallery-1 .gallery-caption {\n\t\t\t\tmargin-left: 0;\n\t\t\t}\n\t\t\t\/* see gallery_shortcode() in wp-includes\/media.php *\/\n\t\t<\/style>\n\t\t<div id='gallery-1' class='gallery galleryid-21 gallery-columns-3 gallery-size-medium'><dl class='gallery-item'>\n\t\t\t<dt class='gallery-icon portrait'>\n\t\t\t\t<a href='https:\/\/ales-sas.com\/ales-sas-bd-dents-requin-peinture-gauche\/'><img loading=\"lazy\" decoding=\"async\" width=\"225\" height=\"300\" src=\"https:\/\/ales-sas.com\/wp-content\/uploads\/2018\/09\/ALES-sas-BD-dents-requin-peinture-gauche-225x300.jpg\" class=\"attachment-medium size-medium\" alt=\"S\u00e9curisation plateau ralentisseur\" aria-describedby=\"gallery-1-243\" srcset=\"https:\/\/ales-sas.com\/wp-content\/uploads\/2018\/09\/ALES-sas-BD-dents-requin-peinture-gauche-225x300.jpg 225w, https:\/\/ales-sas.com\/wp-content\/uploads\/2018\/09\/ALES-sas-BD-dents-requin-peinture-gauche-768x1024.jpg 768w, https:\/\/ales-sas.com\/wp-content\/uploads\/2018\/09\/ALES-sas-BD-dents-requin-peinture-gauche.jpg 1125w\" sizes=\"auto, (max-width: 225px) 100vw, 225px\" \/><\/a>\n\t\t\t<\/dt>\n\t\t\t\t<dd class='wp-caption-text gallery-caption' id='gallery-1-243'>\n\t\t\t\tMarquage dents de requin sur plateau ralentisseur\n\t\t\t\t<\/dd><\/dl><dl class='gallery-item'>\n\t\t\t<dt class='gallery-icon landscape'>\n\t\t\t\t<a href='https:\/\/ales-sas.com\/ales-sas-bd-parking-peinture\/'><img loading=\"lazy\" decoding=\"async\" width=\"300\" height=\"225\" src=\"https:\/\/ales-sas.com\/wp-content\/uploads\/2018\/09\/ALES-sas-BD-parking-peinture-300x225.jpg\" class=\"attachment-medium size-medium\" alt=\"Pr\u00e9 marquage et marquage de parking\" aria-describedby=\"gallery-1-249\" srcset=\"https:\/\/ales-sas.com\/wp-content\/uploads\/2018\/09\/ALES-sas-BD-parking-peinture-300x225.jpg 300w, https:\/\/ales-sas.com\/wp-content\/uploads\/2018\/09\/ALES-sas-BD-parking-peinture-768x576.jpg 768w, https:\/\/ales-sas.com\/wp-content\/uploads\/2018\/09\/ALES-sas-BD-parking-peinture-1024x768.jpg 1024w, https:\/\/ales-sas.com\/wp-content\/uploads\/2018\/09\/ALES-sas-BD-parking-peinture.jpg 1500w\" sizes=\"auto, (max-width: 300px) 100vw, 300px\" \/><\/a>\n\t\t\t<\/dt>\n\t\t\t\t<dd class='wp-caption-text gallery-caption' id='gallery-1-249'>\n\t\t\t\tTra\u00e7age d&rsquo;un parking en peinture homologu\u00e9e\n\t\t\t\t<\/dd><\/dl><dl class='gallery-item'>\n\t\t\t<dt class='gallery-icon portrait'>\n\t\t\t\t<a href='https:\/\/ales-sas.com\/ales-sas-bd-dents-de-requin-peinture-vertical\/'><img loading=\"lazy\" decoding=\"async\" width=\"225\" height=\"300\" src=\"https:\/\/ales-sas.com\/wp-content\/uploads\/2018\/09\/ALES-sas-BD-Dents-de-requin-peinture-VERTICAL-225x300.jpg\" class=\"attachment-medium size-medium\" alt=\"Mise en s\u00e9curit\u00e9 ralentisseur\" aria-describedby=\"gallery-1-242\" srcset=\"https:\/\/ales-sas.com\/wp-content\/uploads\/2018\/09\/ALES-sas-BD-Dents-de-requin-peinture-VERTICAL-225x300.jpg 225w, https:\/\/ales-sas.com\/wp-content\/uploads\/2018\/09\/ALES-sas-BD-Dents-de-requin-peinture-VERTICAL.jpg 600w\" sizes=\"auto, (max-width: 225px) 100vw, 225px\" \/><\/a>\n\t\t\t<\/dt>\n\t\t\t\t<dd class='wp-caption-text gallery-caption' id='gallery-1-242'>\n\t\t\t\tPeinture dents de requin sur ralentisseur\n\t\t\t\t<\/dd><\/dl><br style=\"clear: both\" \/><dl class='gallery-item'>\n\t\t\t<dt class='gallery-icon landscape'>\n\t\t\t\t<a href='https:\/\/ales-sas.com\/ales-sas-bd-parking-expo-2\/'><img loading=\"lazy\" decoding=\"async\" width=\"300\" height=\"169\" src=\"https:\/\/ales-sas.com\/wp-content\/uploads\/2018\/09\/ALES-sas-BD-parking-expo-2-300x169.jpg\" class=\"attachment-medium size-medium\" alt=\"Signalisation pour v\u00e9hicules en exposition\" aria-describedby=\"gallery-1-248\" srcset=\"https:\/\/ales-sas.com\/wp-content\/uploads\/2018\/09\/ALES-sas-BD-parking-expo-2-300x169.jpg 300w, https:\/\/ales-sas.com\/wp-content\/uploads\/2018\/09\/ALES-sas-BD-parking-expo-2-768x432.jpg 768w, https:\/\/ales-sas.com\/wp-content\/uploads\/2018\/09\/ALES-sas-BD-parking-expo-2-1024x575.jpg 1024w, https:\/\/ales-sas.com\/wp-content\/uploads\/2018\/09\/ALES-sas-BD-parking-expo-2-350x197.jpg 350w, https:\/\/ales-sas.com\/wp-content\/uploads\/2018\/09\/ALES-sas-BD-parking-expo-2-860x484.jpg 860w, https:\/\/ales-sas.com\/wp-content\/uploads\/2018\/09\/ALES-sas-BD-parking-expo-2.jpg 1500w\" sizes=\"auto, (max-width: 300px) 100vw, 300px\" \/><\/a>\n\t\t\t<\/dt>\n\t\t\t\t<dd class='wp-caption-text gallery-caption' id='gallery-1-248'>\n\t\t\t\tMarquage d&rsquo;un parking pour exposition de v\u00e9hicules\n\t\t\t\t<\/dd><\/dl><dl class='gallery-item'>\n\t\t\t<dt class='gallery-icon portrait'>\n\t\t\t\t<a href='https:\/\/ales-sas.com\/ales-sas-bd-giratoire\/'><img loading=\"lazy\" decoding=\"async\" width=\"240\" height=\"300\" src=\"https:\/\/ales-sas.com\/wp-content\/uploads\/2018\/09\/ALES-sas-BD-giratoire-240x300.jpg\" class=\"attachment-medium size-medium\" alt=\"\" srcset=\"https:\/\/ales-sas.com\/wp-content\/uploads\/2018\/09\/ALES-sas-BD-giratoire-240x300.jpg 240w, https:\/\/ales-sas.com\/wp-content\/uploads\/2018\/09\/ALES-sas-BD-giratoire.jpg 641w\" sizes=\"auto, (max-width: 240px) 100vw, 240px\" \/><\/a>\n\t\t\t<\/dt><\/dl><dl class='gallery-item'>\n\t\t\t<dt class='gallery-icon landscape'>\n\t\t\t\t<a href='https:\/\/ales-sas.com\/ales-sas-bd-debut-de-zone-30\/'><img loading=\"lazy\" decoding=\"async\" width=\"300\" height=\"225\" src=\"https:\/\/ales-sas.com\/wp-content\/uploads\/2018\/09\/ALES-sas-BD-debut-de-ZONE-30-300x225.jpg\" class=\"attachment-medium size-medium\" alt=\"Cr\u00e9ation ZONE 30\" aria-describedby=\"gallery-1-241\" srcset=\"https:\/\/ales-sas.com\/wp-content\/uploads\/2018\/09\/ALES-sas-BD-debut-de-ZONE-30-300x225.jpg 300w, https:\/\/ales-sas.com\/wp-content\/uploads\/2018\/09\/ALES-sas-BD-debut-de-ZONE-30-768x576.jpg 768w, https:\/\/ales-sas.com\/wp-content\/uploads\/2018\/09\/ALES-sas-BD-debut-de-ZONE-30-1024x768.jpg 1024w, https:\/\/ales-sas.com\/wp-content\/uploads\/2018\/09\/ALES-sas-BD-debut-de-ZONE-30.jpg 1400w\" sizes=\"auto, (max-width: 300px) 100vw, 300px\" \/><\/a>\n\t\t\t<\/dt>\n\t\t\t\t<dd class='wp-caption-text gallery-caption' id='gallery-1-241'>\n\t\t\t\tMarquage ZONE 30  en peinture sur chauss\u00e9e\n\t\t\t\t<\/dd><\/dl><br style=\"clear: both\" \/><dl class='gallery-item'>\n\t\t\t<dt class='gallery-icon portrait'>\n\t\t\t\t<a href='https:\/\/ales-sas.com\/ales-sas-bd-marquage-axial\/'><img loading=\"lazy\" decoding=\"async\" width=\"202\" height=\"300\" src=\"https:\/\/ales-sas.com\/wp-content\/uploads\/2018\/09\/ALES-sas-BD-Marquage-axial--202x300.jpg\" class=\"attachment-medium size-medium\" alt=\"Cr\u00e9ation d&#039;un passage pour pi\u00e9tons et d&#039;une ligne d&#039;axe\" aria-describedby=\"gallery-1-246\" srcset=\"https:\/\/ales-sas.com\/wp-content\/uploads\/2018\/09\/ALES-sas-BD-Marquage-axial--202x300.jpg 202w, https:\/\/ales-sas.com\/wp-content\/uploads\/2018\/09\/ALES-sas-BD-Marquage-axial-.jpg 539w\" sizes=\"auto, (max-width: 202px) 100vw, 202px\" \/><\/a>\n\t\t\t<\/dt>\n\t\t\t\t<dd class='wp-caption-text gallery-caption' id='gallery-1-246'>\n\t\t\t\tMarquage axial et passage pour pi\u00e9tons\n\t\t\t\t<\/dd><\/dl><dl class='gallery-item'>\n\t\t\t<dt class='gallery-icon landscape'>\n\t\t\t\t<a href='https:\/\/ales-sas.com\/ales-sas-bd-bordures-beton-peintes\/'><img loading=\"lazy\" decoding=\"async\" width=\"300\" height=\"225\" src=\"https:\/\/ales-sas.com\/wp-content\/uploads\/2018\/09\/ALES-sas-BD-Bordures-b\u00e9ton-peintes-300x225.jpg\" class=\"attachment-medium size-medium\" alt=\"\" srcset=\"https:\/\/ales-sas.com\/wp-content\/uploads\/2018\/09\/ALES-sas-BD-Bordures-b\u00e9ton-peintes-300x225.jpg 300w, https:\/\/ales-sas.com\/wp-content\/uploads\/2018\/09\/ALES-sas-BD-Bordures-b\u00e9ton-peintes-768x576.jpg 768w, https:\/\/ales-sas.com\/wp-content\/uploads\/2018\/09\/ALES-sas-BD-Bordures-b\u00e9ton-peintes-1024x768.jpg 1024w, https:\/\/ales-sas.com\/wp-content\/uploads\/2018\/09\/ALES-sas-BD-Bordures-b\u00e9ton-peintes.jpg 1500w\" sizes=\"auto, (max-width: 300px) 100vw, 300px\" \/><\/a>\n\t\t\t<\/dt><\/dl><dl class='gallery-item'>\n\t\t\t<dt class='gallery-icon portrait'>\n\t\t\t\t<a href='https:\/\/ales-sas.com\/ales-sas-bd-pp-peinture\/'><img loading=\"lazy\" decoding=\"async\" width=\"225\" height=\"300\" src=\"https:\/\/ales-sas.com\/wp-content\/uploads\/2018\/09\/ALES-sas-BD-PP-peinture-225x300.jpg\" class=\"attachment-medium size-medium\" alt=\"\" srcset=\"https:\/\/ales-sas.com\/wp-content\/uploads\/2018\/09\/ALES-sas-BD-PP-peinture-225x300.jpg 225w, https:\/\/ales-sas.com\/wp-content\/uploads\/2018\/09\/ALES-sas-BD-PP-peinture-768x1024.jpg 768w, https:\/\/ales-sas.com\/wp-content\/uploads\/2018\/09\/ALES-sas-BD-PP-peinture.jpg 1125w\" sizes=\"auto, (max-width: 225px) 100vw, 225px\" \/><\/a>\n\t\t\t<\/dt><\/dl><br style=\"clear: both\" \/><dl class='gallery-item'>\n\t\t\t<dt class='gallery-icon landscape'>\n\t\t\t\t<a href='https:\/\/ales-sas.com\/ales-sas-bd-parking-expo-1\/'><img loading=\"lazy\" decoding=\"async\" width=\"300\" height=\"169\" src=\"https:\/\/ales-sas.com\/wp-content\/uploads\/2018\/09\/ALES-sas-BD-parking-expo-1-300x169.jpg\" class=\"attachment-medium size-medium\" alt=\"Places en peinture pour exposition de voitures\" aria-describedby=\"gallery-1-247\" srcset=\"https:\/\/ales-sas.com\/wp-content\/uploads\/2018\/09\/ALES-sas-BD-parking-expo-1-300x169.jpg 300w, https:\/\/ales-sas.com\/wp-content\/uploads\/2018\/09\/ALES-sas-BD-parking-expo-1-768x432.jpg 768w, https:\/\/ales-sas.com\/wp-content\/uploads\/2018\/09\/ALES-sas-BD-parking-expo-1-1024x575.jpg 1024w, https:\/\/ales-sas.com\/wp-content\/uploads\/2018\/09\/ALES-sas-BD-parking-expo-1-350x197.jpg 350w, https:\/\/ales-sas.com\/wp-content\/uploads\/2018\/09\/ALES-sas-BD-parking-expo-1-860x484.jpg 860w, https:\/\/ales-sas.com\/wp-content\/uploads\/2018\/09\/ALES-sas-BD-parking-expo-1.jpg 1500w\" sizes=\"auto, (max-width: 300px) 100vw, 300px\" \/><\/a>\n\t\t\t<\/dt>\n\t\t\t\t<dd class='wp-caption-text gallery-caption' id='gallery-1-247'>\n\t\t\t\tCr\u00e9ation d&rsquo;un espace d&rsquo;exposition pour voiture d&rsquo;occasion\n\t\t\t\t<\/dd><\/dl><dl class='gallery-item'>\n\t\t\t<dt class='gallery-icon landscape'>\n\t\t\t\t<a href='https:\/\/ales-sas.com\/ales-sas-bd-zebra\/'><img loading=\"lazy\" decoding=\"async\" width=\"300\" height=\"225\" src=\"https:\/\/ales-sas.com\/wp-content\/uploads\/2018\/09\/ALES-sas-BD-ZEBRA-300x225.jpg\" class=\"attachment-medium size-medium\" alt=\"Cr\u00e9ation d&#039;un z\u00e9bra anti stationnement\" aria-describedby=\"gallery-1-251\" srcset=\"https:\/\/ales-sas.com\/wp-content\/uploads\/2018\/09\/ALES-sas-BD-ZEBRA-300x225.jpg 300w, https:\/\/ales-sas.com\/wp-content\/uploads\/2018\/09\/ALES-sas-BD-ZEBRA-768x576.jpg 768w, https:\/\/ales-sas.com\/wp-content\/uploads\/2018\/09\/ALES-sas-BD-ZEBRA-1024x768.jpg 1024w, https:\/\/ales-sas.com\/wp-content\/uploads\/2018\/09\/ALES-sas-BD-ZEBRA.jpg 1400w\" sizes=\"auto, (max-width: 300px) 100vw, 300px\" \/><\/a>\n\t\t\t<\/dt>\n\t\t\t\t<dd class='wp-caption-text gallery-caption' id='gallery-1-251'>\n\t\t\t\tZ\u00e9bra en peinture pour laisser les pi\u00e9tons acc\u00e9der \u00e0 l&rsquo;immeuble\n\t\t\t\t<\/dd><\/dl>\n\t\t\t<br style='clear: both' \/>\n\t\t<\/div>\n\n","protected":false},"excerpt":{"rendered":"<p>Peintures routi\u00e8res Les peintures que nous utilisons pour le marquage routier sont pr\u00eates \u00e0 l&#8217;emploi, conditionn\u00e9es en seaux de 25 Kg certifi\u00e9es CE et NF par l\u2019ASCQUER \u2013 Association pour la Certification et la Qualification des Equipements de la Route. Elles sont parfaitement adapt\u00e9es aux marquages routiers et urbains et aux grands travaux de marquage <a class=\"more-link\" href=\"https:\/\/ales-sas.com\/index.php\/accueil-signalisation-horizontale\/peintures-routieres\/\">Lire plus &#8230;<\/a><\/p>\n","protected":false},"author":1,"featured_media":0,"parent":27,"menu_order":1,"comment_status":"closed","ping_status":"closed","template":"","meta":{"footnotes":""},"class_list":["post-21","page","type-page","status-publish","hentry"],"_links":{"self":[{"href":"https:\/\/ales-sas.com\/index.php\/wp-json\/wp\/v2\/pages\/21","targetHints":{"allow":["GET"]}}],"collection":[{"href":"https:\/\/ales-sas.com\/index.php\/wp-json\/wp\/v2\/pages"}],"about":[{"href":"https:\/\/ales-sas.com\/index.php\/wp-json\/wp\/v2\/types\/page"}],"author":[{"embeddable":true,"href":"https:\/\/ales-sas.com\/index.php\/wp-json\/wp\/v2\/users\/1"}],"replies":[{"embeddable":true,"href":"https:\/\/ales-sas.com\/index.php\/wp-json\/wp\/v2\/comments?post=21"}],"version-history":[{"count":8,"href":"https:\/\/ales-sas.com\/index.php\/wp-json\/wp\/v2\/pages\/21\/revisions"}],"predecessor-version":[{"id":253,"href":"https:\/\/ales-sas.com\/index.php\/wp-json\/wp\/v2\/pages\/21\/revisions\/253"}],"up":[{"embeddable":true,"href":"https:\/\/ales-sas.com\/index.php\/wp-json\/wp\/v2\/pages\/27"}],"wp:attachment":[{"href":"https:\/\/ales-sas.com\/index.php\/wp-json\/wp\/v2\/media?parent=21"}],"curies":[{"name":"wp","href":"https:\/\/api.w.org\/{rel}","templated":true}]}}