{"id":264,"date":"2018-09-16T15:50:31","date_gmt":"2018-09-16T13:50:31","guid":{"rendered":"http:\/\/ales-sas.com\/?page_id=264"},"modified":"2018-09-16T19:06:00","modified_gmt":"2018-09-16T17:06:00","slug":"page-daccueil","status":"publish","type":"page","link":"https:\/\/ales-sas.com\/","title":{"rendered":"Partenaire de votre signalisation en Alsace et Lorraine"},"content":{"rendered":"<p><img loading=\"lazy\" decoding=\"async\" class=\"alignnone wp-image-20\" src=\"https:\/\/ales-sas.com\/wp-content\/uploads\/2018\/05\/ALES-sas-Logo-RVB.jpg\" alt=\"logo soci\u00e9t\u00e9 ALES sas\" width=\"209\" height=\"148\" srcset=\"https:\/\/ales-sas.com\/wp-content\/uploads\/2018\/05\/ALES-sas-Logo-RVB.jpg 1004w, https:\/\/ales-sas.com\/wp-content\/uploads\/2018\/05\/ALES-sas-Logo-RVB-300x212.jpg 300w, https:\/\/ales-sas.com\/wp-content\/uploads\/2018\/05\/ALES-sas-Logo-RVB-768x542.jpg 768w\" sizes=\"auto, (max-width: 209px) 100vw, 209px\" \/><\/p>\n<p><span style=\"color: #000080;\"><strong>L&rsquo;\u00e9quipe d&rsquo;Alsace Lorraine Entretien Signalisation sas vous souhaite la bienvenue sur ce site<\/strong><\/span><\/p>\n<p><span style=\"color: #000080;\"><strong>Nous souhaitons vous pr\u00e9senter nos r\u00e9alisations les plus significatives, et vous faire conna\u00eetre nos savoir faire.<\/strong><\/span><\/p>\n<p><span style=\"color: #000080;\"><strong>cette liste de nos travaux n&rsquo;est exhaustive, n&rsquo;h\u00e9sitez pas \u00e0 nous faire part de vos projets.<\/strong><\/span><\/p>\n<p><span style=\"color: #000080;\">ALES sas<\/span><\/p>\n<p><span style=\"color: #000080;\">13, rue du R\u00e9servoir<\/span><\/p>\n<p><span style=\"color: #000080;\">54360 Blainville sur l&rsquo;Eau<\/span><\/p>\n<p><span style=\"color: #000080;\">Mobile: 06 86 21 27 32<\/span><\/p>\n<p><span style=\"color: #000080;\">Mail: malglaive.philippe@gmail.com<\/span><\/p>\n<p>&nbsp;<\/p>\n","protected":false},"excerpt":{"rendered":"<p>L&rsquo;\u00e9quipe d&rsquo;Alsace Lorraine Entretien Signalisation sas vous souhaite la bienvenue sur ce site Nous souhaitons vous pr\u00e9senter nos r\u00e9alisations les plus significatives, et vous faire conna\u00eetre nos savoir faire. cette liste de nos travaux n&rsquo;est exhaustive, n&rsquo;h\u00e9sitez pas \u00e0 nous faire part de vos projets. ALES sas 13, rue du R\u00e9servoir 54360 Blainville sur l&rsquo;Eau <a class=\"more-link\" href=\"https:\/\/ales-sas.com\/\">Lire plus &#8230;<\/a><\/p>\n","protected":false},"author":1,"featured_media":0,"parent":0,"menu_order":0,"comment_status":"closed","ping_status":"closed","template":"","meta":{"footnotes":""},"class_list":["post-264","page","type-page","status-publish","hentry"],"_links":{"self":[{"href":"https:\/\/ales-sas.com\/index.php\/wp-json\/wp\/v2\/pages\/264","targetHints":{"allow":["GET"]}}],"collection":[{"href":"https:\/\/ales-sas.com\/index.php\/wp-json\/wp\/v2\/pages"}],"about":[{"href":"https:\/\/ales-sas.com\/index.php\/wp-json\/wp\/v2\/types\/page"}],"author":[{"embeddable":true,"href":"https:\/\/ales-sas.com\/index.php\/wp-json\/wp\/v2\/users\/1"}],"replies":[{"embeddable":true,"href":"https:\/\/ales-sas.com\/index.php\/wp-json\/wp\/v2\/comments?post=264"}],"version-history":[{"count":8,"href":"https:\/\/ales-sas.com\/index.php\/wp-json\/wp\/v2\/pages\/264\/revisions"}],"predecessor-version":[{"id":291,"href":"https:\/\/ales-sas.com\/index.php\/wp-json\/wp\/v2\/pages\/264\/revisions\/291"}],"wp:attachment":[{"href":"https:\/\/ales-sas.com\/index.php\/wp-json\/wp\/v2\/media?parent=264"}],"curies":[{"name":"wp","href":"https:\/\/api.w.org\/{rel}","templated":true}]}}