{"id":27,"date":"2018-06-27T14:07:03","date_gmt":"2018-06-27T12:07:03","guid":{"rendered":"http:\/\/ales-sas.com\/?page_id=27"},"modified":"2018-06-27T15:13:10","modified_gmt":"2018-06-27T13:13:10","slug":"accueil-signalisation-horizontale","status":"publish","type":"page","link":"https:\/\/ales-sas.com\/index.php\/accueil-signalisation-horizontale\/","title":{"rendered":"Signalisation Horizontale"},"content":{"rendered":"<p>La signalisation au sol, l\u2019implantation des bandes blanches ou jaunes sur une chauss\u00e9e r\u00e9pond \u00e0 des normes pr\u00e9cises.<\/p>\n<p>Le texte de r\u00e9f\u00e9rence en mati\u00e8re de marquage routier est l\u2019INSTRUCTION INTERMINISTERIELLE sur la SIGNALISATION ROUTIERE septi\u00e8me partie<\/p>\n","protected":false},"excerpt":{"rendered":"<p>La signalisation au sol, l\u2019implantation des bandes blanches ou jaunes sur une chauss\u00e9e r\u00e9pond \u00e0 des normes pr\u00e9cises. Le texte de r\u00e9f\u00e9rence en mati\u00e8re de marquage routier est l\u2019INSTRUCTION INTERMINISTERIELLE sur la SIGNALISATION ROUTIERE septi\u00e8me partie<\/p>\n","protected":false},"author":1,"featured_media":0,"parent":0,"menu_order":0,"comment_status":"closed","ping_status":"closed","template":"","meta":{"footnotes":""},"class_list":["post-27","page","type-page","status-publish","hentry"],"_links":{"self":[{"href":"https:\/\/ales-sas.com\/index.php\/wp-json\/wp\/v2\/pages\/27","targetHints":{"allow":["GET"]}}],"collection":[{"href":"https:\/\/ales-sas.com\/index.php\/wp-json\/wp\/v2\/pages"}],"about":[{"href":"https:\/\/ales-sas.com\/index.php\/wp-json\/wp\/v2\/types\/page"}],"author":[{"embeddable":true,"href":"https:\/\/ales-sas.com\/index.php\/wp-json\/wp\/v2\/users\/1"}],"replies":[{"embeddable":true,"href":"https:\/\/ales-sas.com\/index.php\/wp-json\/wp\/v2\/comments?post=27"}],"version-history":[{"count":3,"href":"https:\/\/ales-sas.com\/index.php\/wp-json\/wp\/v2\/pages\/27\/revisions"}],"predecessor-version":[{"id":102,"href":"https:\/\/ales-sas.com\/index.php\/wp-json\/wp\/v2\/pages\/27\/revisions\/102"}],"wp:attachment":[{"href":"https:\/\/ales-sas.com\/index.php\/wp-json\/wp\/v2\/media?parent=27"}],"curies":[{"name":"wp","href":"https:\/\/api.w.org\/{rel}","templated":true}]}}