{"id":31,"date":"2018-06-27T14:08:11","date_gmt":"2018-06-27T12:08:11","guid":{"rendered":"http:\/\/ales-sas.com\/?page_id=31"},"modified":"2018-09-02T22:35:30","modified_gmt":"2018-09-02T20:35:30","slug":"resines-a-froid","status":"publish","type":"page","link":"https:\/\/ales-sas.com\/index.php\/accueil-signalisation-horizontale\/resines-a-froid\/","title":{"rendered":"R\u00e9sines \u00e0 froid"},"content":{"rendered":"<p>Les\u00a0RESINES \u00e0 FROID que nous vous proposons sont des produits bi-composant : une base en seau de 6 Kg et un durcisseur en sachet de 80 gr.<br \/>\nL&rsquo;application se fait manuellement \u00e0 l&rsquo;aide d&rsquo;une spatule apr\u00e8s le m\u00e9lange des 2 composants.<br \/>\nLe s\u00e9chage s&rsquo;effectue par polym\u00e9risation, r\u00e9action chimique de la r\u00e9sine et du durcisseur. Le dosage est pr\u00e9cis\u00e9 pour chaque r\u00e9sine sur sa FICHE de CERTIFICATION.<\/p>\n<p>La fiche technique pr\u00e9cise \u00e9galement le produit de saupoudrage certifi\u00e9 avec chaque produit de marquage.<\/p>\n<p>Nous appliquons habituellement 4 Kg de produit par m\u00b2 en fonction de l\u2019\u00e9tat du support. Nos marquages sont saupoudr\u00e9s selon les pr\u00e9cisions figurant sur la FICHE de CERTIFICATION<br \/>\nLe marquage r\u00e9alis\u00e9 sur chauss\u00e9es est tr\u00e8s r\u00e9sistant, il est particuli\u00e8rement adapt\u00e9 aux zones tr\u00e8s sollicit\u00e9es en milieu urbain ou rural.<\/p>\n\n\t\t<style type=\"text\/css\">\n\t\t\t#gallery-1 {\n\t\t\t\tmargin: auto;\n\t\t\t}\n\t\t\t#gallery-1 .gallery-item {\n\t\t\t\tfloat: left;\n\t\t\t\tmargin-top: 10px;\n\t\t\t\ttext-align: center;\n\t\t\t\twidth: 25%;\n\t\t\t}\n\t\t\t#gallery-1 img {\n\t\t\t\tborder: 2px solid #cfcfcf;\n\t\t\t}\n\t\t\t#gallery-1 .gallery-caption {\n\t\t\t\tmargin-left: 0;\n\t\t\t}\n\t\t\t\/* see gallery_shortcode() in wp-includes\/media.php *\/\n\t\t<\/style>\n\t\t<div id='gallery-1' class='gallery galleryid-31 gallery-columns-4 gallery-size-medium'><dl class='gallery-item'>\n\t\t\t<dt class='gallery-icon landscape'>\n\t\t\t\t<a href='https:\/\/ales-sas.com\/ales-sas-bd-pp-resine-sous-immeuble\/'><img loading=\"lazy\" decoding=\"async\" width=\"300\" height=\"169\" src=\"https:\/\/ales-sas.com\/wp-content\/uploads\/2018\/09\/ALES-sas-BD-PP-r\u00e9sine-sous-immeuble-300x169.jpg\" class=\"attachment-medium size-medium\" alt=\"\" srcset=\"https:\/\/ales-sas.com\/wp-content\/uploads\/2018\/09\/ALES-sas-BD-PP-r\u00e9sine-sous-immeuble-300x169.jpg 300w, https:\/\/ales-sas.com\/wp-content\/uploads\/2018\/09\/ALES-sas-BD-PP-r\u00e9sine-sous-immeuble-768x432.jpg 768w, https:\/\/ales-sas.com\/wp-content\/uploads\/2018\/09\/ALES-sas-BD-PP-r\u00e9sine-sous-immeuble-1024x575.jpg 1024w, https:\/\/ales-sas.com\/wp-content\/uploads\/2018\/09\/ALES-sas-BD-PP-r\u00e9sine-sous-immeuble-350x197.jpg 350w, https:\/\/ales-sas.com\/wp-content\/uploads\/2018\/09\/ALES-sas-BD-PP-r\u00e9sine-sous-immeuble-860x484.jpg 860w, https:\/\/ales-sas.com\/wp-content\/uploads\/2018\/09\/ALES-sas-BD-PP-r\u00e9sine-sous-immeuble.jpg 1500w\" sizes=\"auto, (max-width: 300px) 100vw, 300px\" \/><\/a>\n\t\t\t<\/dt><\/dl><dl class='gallery-item'>\n\t\t\t<dt class='gallery-icon portrait'>\n\t\t\t\t<a href='https:\/\/ales-sas.com\/ales-sas-bd-zig-zag-bus-resine\/'><img loading=\"lazy\" decoding=\"async\" width=\"169\" height=\"300\" src=\"https:\/\/ales-sas.com\/wp-content\/uploads\/2018\/09\/ALES-sas-BD-zig-zag-BUS-r\u00e9sine-169x300.jpg\" class=\"attachment-medium size-medium\" alt=\"\" srcset=\"https:\/\/ales-sas.com\/wp-content\/uploads\/2018\/09\/ALES-sas-BD-zig-zag-BUS-r\u00e9sine-169x300.jpg 169w, https:\/\/ales-sas.com\/wp-content\/uploads\/2018\/09\/ALES-sas-BD-zig-zag-BUS-r\u00e9sine-768x1367.jpg 768w, https:\/\/ales-sas.com\/wp-content\/uploads\/2018\/09\/ALES-sas-BD-zig-zag-BUS-r\u00e9sine-575x1024.jpg 575w, https:\/\/ales-sas.com\/wp-content\/uploads\/2018\/09\/ALES-sas-BD-zig-zag-BUS-r\u00e9sine.jpg 843w\" sizes=\"auto, (max-width: 169px) 100vw, 169px\" \/><\/a>\n\t\t\t<\/dt><\/dl><dl class='gallery-item'>\n\t\t\t<dt class='gallery-icon landscape'>\n\t\t\t\t<a href='https:\/\/ales-sas.com\/ales-sas-bd-pp-resine-avec-bao\/'><img loading=\"lazy\" decoding=\"async\" width=\"300\" height=\"225\" src=\"https:\/\/ales-sas.com\/wp-content\/uploads\/2018\/09\/ALES-sas-BD-PP-r\u00e9sine-avec-BAO-300x225.jpg\" class=\"attachment-medium size-medium\" alt=\"\" srcset=\"https:\/\/ales-sas.com\/wp-content\/uploads\/2018\/09\/ALES-sas-BD-PP-r\u00e9sine-avec-BAO-300x225.jpg 300w, https:\/\/ales-sas.com\/wp-content\/uploads\/2018\/09\/ALES-sas-BD-PP-r\u00e9sine-avec-BAO-768x576.jpg 768w, https:\/\/ales-sas.com\/wp-content\/uploads\/2018\/09\/ALES-sas-BD-PP-r\u00e9sine-avec-BAO-1024x768.jpg 1024w, https:\/\/ales-sas.com\/wp-content\/uploads\/2018\/09\/ALES-sas-BD-PP-r\u00e9sine-avec-BAO.jpg 1500w\" sizes=\"auto, (max-width: 300px) 100vw, 300px\" \/><\/a>\n\t\t\t<\/dt><\/dl><dl class='gallery-item'>\n\t\t\t<dt class='gallery-icon landscape'>\n\t\t\t\t<a href='https:\/\/ales-sas.com\/ales-sas-bd-parking-en-resines-a-froid\/'><img loading=\"lazy\" decoding=\"async\" width=\"300\" height=\"169\" src=\"https:\/\/ales-sas.com\/wp-content\/uploads\/2018\/09\/ALES-sas-BD-parking-en-resines-\u00e0-froid-300x169.jpg\" class=\"attachment-medium size-medium\" alt=\"\" srcset=\"https:\/\/ales-sas.com\/wp-content\/uploads\/2018\/09\/ALES-sas-BD-parking-en-resines-\u00e0-froid-300x169.jpg 300w, https:\/\/ales-sas.com\/wp-content\/uploads\/2018\/09\/ALES-sas-BD-parking-en-resines-\u00e0-froid-768x432.jpg 768w, https:\/\/ales-sas.com\/wp-content\/uploads\/2018\/09\/ALES-sas-BD-parking-en-resines-\u00e0-froid-1024x575.jpg 1024w, https:\/\/ales-sas.com\/wp-content\/uploads\/2018\/09\/ALES-sas-BD-parking-en-resines-\u00e0-froid-350x197.jpg 350w, https:\/\/ales-sas.com\/wp-content\/uploads\/2018\/09\/ALES-sas-BD-parking-en-resines-\u00e0-froid-860x484.jpg 860w, https:\/\/ales-sas.com\/wp-content\/uploads\/2018\/09\/ALES-sas-BD-parking-en-resines-\u00e0-froid.jpg 1500w\" sizes=\"auto, (max-width: 300px) 100vw, 300px\" \/><\/a>\n\t\t\t<\/dt><\/dl><br style=\"clear: both\" \/><dl class='gallery-item'>\n\t\t\t<dt class='gallery-icon landscape'>\n\t\t\t\t<a href='https:\/\/ales-sas.com\/ales-sas-bd-dents-de-requin-en-resine\/'><img loading=\"lazy\" decoding=\"async\" width=\"300\" height=\"225\" src=\"https:\/\/ales-sas.com\/wp-content\/uploads\/2018\/09\/ALES-sas-BD-Dents-de-requin-en-r\u00e9sine-300x225.jpg\" class=\"attachment-medium size-medium\" alt=\"\" srcset=\"https:\/\/ales-sas.com\/wp-content\/uploads\/2018\/09\/ALES-sas-BD-Dents-de-requin-en-r\u00e9sine-300x225.jpg 300w, https:\/\/ales-sas.com\/wp-content\/uploads\/2018\/09\/ALES-sas-BD-Dents-de-requin-en-r\u00e9sine-768x576.jpg 768w, https:\/\/ales-sas.com\/wp-content\/uploads\/2018\/09\/ALES-sas-BD-Dents-de-requin-en-r\u00e9sine-1024x768.jpg 1024w, https:\/\/ales-sas.com\/wp-content\/uploads\/2018\/09\/ALES-sas-BD-Dents-de-requin-en-r\u00e9sine.jpg 1400w\" sizes=\"auto, (max-width: 300px) 100vw, 300px\" \/><\/a>\n\t\t\t<\/dt><\/dl><dl class='gallery-item'>\n\t\t\t<dt class='gallery-icon landscape'>\n\t\t\t\t<a href='https:\/\/ales-sas.com\/ales-sas-bd-pp-resine-acces-creche\/'><img loading=\"lazy\" decoding=\"async\" width=\"300\" height=\"169\" src=\"https:\/\/ales-sas.com\/wp-content\/uploads\/2018\/09\/ALES-sas-BD-PP-r\u00e9sine-acces-creche-300x169.jpg\" class=\"attachment-medium size-medium\" alt=\"\" srcset=\"https:\/\/ales-sas.com\/wp-content\/uploads\/2018\/09\/ALES-sas-BD-PP-r\u00e9sine-acces-creche-300x169.jpg 300w, https:\/\/ales-sas.com\/wp-content\/uploads\/2018\/09\/ALES-sas-BD-PP-r\u00e9sine-acces-creche-768x432.jpg 768w, https:\/\/ales-sas.com\/wp-content\/uploads\/2018\/09\/ALES-sas-BD-PP-r\u00e9sine-acces-creche-1024x575.jpg 1024w, https:\/\/ales-sas.com\/wp-content\/uploads\/2018\/09\/ALES-sas-BD-PP-r\u00e9sine-acces-creche-350x197.jpg 350w, https:\/\/ales-sas.com\/wp-content\/uploads\/2018\/09\/ALES-sas-BD-PP-r\u00e9sine-acces-creche-860x484.jpg 860w, https:\/\/ales-sas.com\/wp-content\/uploads\/2018\/09\/ALES-sas-BD-PP-r\u00e9sine-acces-creche.jpg 1500w\" sizes=\"auto, (max-width: 300px) 100vw, 300px\" \/><\/a>\n\t\t\t<\/dt><\/dl>\n\t\t\t<br style='clear: both' \/>\n\t\t<\/div>\n\n","protected":false},"excerpt":{"rendered":"<p>Les\u00a0RESINES \u00e0 FROID que nous vous proposons sont des produits bi-composant : une base en seau de 6 Kg et un durcisseur en sachet de 80 gr. L&rsquo;application se fait manuellement \u00e0 l&rsquo;aide d&rsquo;une spatule apr\u00e8s le m\u00e9lange des 2 composants. Le s\u00e9chage s&rsquo;effectue par polym\u00e9risation, r\u00e9action chimique de la r\u00e9sine et du durcisseur. Le <a class=\"more-link\" href=\"https:\/\/ales-sas.com\/index.php\/accueil-signalisation-horizontale\/resines-a-froid\/\">Lire plus &#8230;<\/a><\/p>\n","protected":false},"author":1,"featured_media":0,"parent":27,"menu_order":2,"comment_status":"closed","ping_status":"closed","template":"","meta":{"footnotes":""},"class_list":["post-31","page","type-page","status-publish","hentry"],"_links":{"self":[{"href":"https:\/\/ales-sas.com\/index.php\/wp-json\/wp\/v2\/pages\/31","targetHints":{"allow":["GET"]}}],"collection":[{"href":"https:\/\/ales-sas.com\/index.php\/wp-json\/wp\/v2\/pages"}],"about":[{"href":"https:\/\/ales-sas.com\/index.php\/wp-json\/wp\/v2\/types\/page"}],"author":[{"embeddable":true,"href":"https:\/\/ales-sas.com\/index.php\/wp-json\/wp\/v2\/users\/1"}],"replies":[{"embeddable":true,"href":"https:\/\/ales-sas.com\/index.php\/wp-json\/wp\/v2\/comments?post=31"}],"version-history":[{"count":3,"href":"https:\/\/ales-sas.com\/index.php\/wp-json\/wp\/v2\/pages\/31\/revisions"}],"predecessor-version":[{"id":237,"href":"https:\/\/ales-sas.com\/index.php\/wp-json\/wp\/v2\/pages\/31\/revisions\/237"}],"up":[{"embeddable":true,"href":"https:\/\/ales-sas.com\/index.php\/wp-json\/wp\/v2\/pages\/27"}],"wp:attachment":[{"href":"https:\/\/ales-sas.com\/index.php\/wp-json\/wp\/v2\/media?parent=31"}],"curies":[{"name":"wp","href":"https:\/\/api.w.org\/{rel}","templated":true}]}}