{"id":89,"date":"2018-06-27T14:17:13","date_gmt":"2018-06-27T12:17:13","guid":{"rendered":"http:\/\/ales-sas.com\/?page_id=89"},"modified":"2018-06-27T15:13:27","modified_gmt":"2018-06-27T13:13:27","slug":"accueil-signalisation-verticale","status":"publish","type":"page","link":"https:\/\/ales-sas.com\/index.php\/accueil-signalisation-verticale\/","title":{"rendered":"Signalisation verticale"},"content":{"rendered":"<p>La signalisation verticale permanente correspond \u00e0 l\u2019ensemble des panneaux r\u00e9glementaires implant\u00e9s aux abords des routes, rues et all\u00e9es.<\/p>\n<p>On distingue deux grandes familles\u00a0:<\/p>\n<ul>\n<li>Les panneaux de police d\u00e9livrent aux usagers, des informations de danger, de priorit\u00e9, d\u2019interdiction et d\u2019obligation.<\/li>\n<li>Les panneaux de direction ont pour objectif de guider et d\u2019orienter les usagers pour un message clair et compr\u00e9hensible.<\/li>\n<\/ul>\n<p>Dans tous les cas, les d\u00e9finitions, utilisations,et implantations sont r\u00e9gis par l\u2019Instruction Interminist\u00e9rielle sur la S\u00e9curit\u00e9 Routi\u00e8re (IISR) et ses diff\u00e9rentes parties.<\/p>\n<p>&nbsp;<\/p>\n<p><strong>O\u00f9 implanter vos panneaux et de quelles formes ?\u00a0<\/strong><\/p>\n<p><a href=\"http:\/\/www.equipementsdelaroute.equipement.gouv.fr\/IMG\/pdf\/IISR_1ePARTIE_vc20120402_cle5e11c7.pdf\">Les informations sont disponibles dans l&rsquo;IISR (1\u00e8re partie)<\/a><\/p>\n<p>&nbsp;<\/p>\n<p><strong>Savez-vous signaler un danger ?<\/strong><\/p>\n<p><a href=\"http:\/\/www.equipementsdelaroute.equipement.gouv.fr\/IMG\/pdf\/IISR_2ePARTIE_VC20120402_cle556158.pdf\">L&rsquo;information est disponible dans l&rsquo;IISR (2\u00e8me partie) <\/a><\/p>\n<p>&nbsp;<\/p>\n<p><strong>Comment g\u00e9rer vous les intersections et r\u00e9gimes de priorit\u00e9 ?<\/strong><\/p>\n<p><a href=\"http:\/\/www.equipementsdelaroute.equipement.gouv.fr\/IMG\/pdf\/IISR_3ePARTIE_vc20120402_cle51b1a1.pdf\">Les informations sont disponibles dans l&rsquo;IISR (3\u00e8me partie)<\/a><\/p>\n<p>&nbsp;<\/p>\n<p><strong>Signalisation de prescription, \u00e7a vous dit quelque chose ?<\/strong><\/p>\n<p><a href=\"http:\/\/www.equipementsdelaroute.equipement.gouv.fr\/IMG\/pdf\/IISR_4ePARTIE_VC20120402_cle5682aa.pdf\">Les r\u00e9ponses que vous attendez sont dans l&rsquo;IISR (4\u00e8me partie)<\/a><\/p>\n<p>&nbsp;<\/p>\n<p><strong>Signaler une indication directionnelle ou des services, vous savez faire ?<\/strong><\/p>\n<p><a href=\"http:\/\/www.equipementsdelaroute.equipement.gouv.fr\/IMG\/pdf\/IISR_5ePARTIE_vc20120402_cle54e6e5.pdf\">Toutes les aides n\u00e9cessaires sont dans l&rsquo;IISR (5\u00e8me partie)<\/a><\/p>\n<p>&nbsp;<\/p>\n<p><strong>Vous connaissez tout sur la signalisation lumineuse ?\u00a0<\/strong><\/p>\n<p><a href=\"http:\/\/www.equipementsdelaroute.equipement.gouv.fr\/IMG\/pdf\/IISR_6ePARTIE_vc20130321_cle51fc37.pdf\">L&rsquo;information que vous cherchez est dans l&rsquo;IISR (6\u00e8me partie)<\/a><\/p>\n<p>&nbsp;<\/p>\n<p><strong>Vous souhaitez mettre en place une signalisation temporaire ?<\/strong><\/p>\n<p><a href=\"http:\/\/www.equipementsdelaroute.equipement.gouv.fr\/IMG\/pdf\/IISR_8ePARTIE_vc20120402_cle59cc34.pdf\">Votre aide m\u00e9moire pour \u00eatre en r\u00e8gle est dans l&rsquo;IISR (8\u00e8me partie)<\/a><\/p>\n<p>&nbsp;<\/p>\n<p><strong>Vous souhaitez informer les usagers, mettre en place un gestion dynamique du trafic ?<\/strong><\/p>\n<p><a href=\"http:\/\/www.equipementsdelaroute.equipement.gouv.fr\/IMG\/pdf\/IISR_9ePARTIE_VC201200402_cle2f7773.pdf\">Vous trouverez les informations dans l&rsquo;IISR (9\u00e8me partie)<\/a><\/p>\n<p>&nbsp;<\/p>\n<p>&nbsp;<\/p>\n","protected":false},"excerpt":{"rendered":"<p>La signalisation verticale permanente correspond \u00e0 l\u2019ensemble des panneaux r\u00e9glementaires implant\u00e9s aux abords des routes, rues et all\u00e9es. On distingue deux grandes familles\u00a0: Les panneaux de police d\u00e9livrent aux usagers, des informations de danger, de priorit\u00e9, d\u2019interdiction et d\u2019obligation. Les panneaux de direction ont pour objectif de guider et d\u2019orienter les usagers pour un message <a class=\"more-link\" href=\"https:\/\/ales-sas.com\/index.php\/accueil-signalisation-verticale\/\">Lire plus &#8230;<\/a><\/p>\n","protected":false},"author":1,"featured_media":0,"parent":0,"menu_order":0,"comment_status":"closed","ping_status":"closed","template":"","meta":{"footnotes":""},"class_list":["post-89","page","type-page","status-publish","hentry"],"_links":{"self":[{"href":"https:\/\/ales-sas.com\/index.php\/wp-json\/wp\/v2\/pages\/89","targetHints":{"allow":["GET"]}}],"collection":[{"href":"https:\/\/ales-sas.com\/index.php\/wp-json\/wp\/v2\/pages"}],"about":[{"href":"https:\/\/ales-sas.com\/index.php\/wp-json\/wp\/v2\/types\/page"}],"author":[{"embeddable":true,"href":"https:\/\/ales-sas.com\/index.php\/wp-json\/wp\/v2\/users\/1"}],"replies":[{"embeddable":true,"href":"https:\/\/ales-sas.com\/index.php\/wp-json\/wp\/v2\/comments?post=89"}],"version-history":[{"count":8,"href":"https:\/\/ales-sas.com\/index.php\/wp-json\/wp\/v2\/pages\/89\/revisions"}],"predecessor-version":[{"id":103,"href":"https:\/\/ales-sas.com\/index.php\/wp-json\/wp\/v2\/pages\/89\/revisions\/103"}],"wp:attachment":[{"href":"https:\/\/ales-sas.com\/index.php\/wp-json\/wp\/v2\/media?parent=89"}],"curies":[{"name":"wp","href":"https:\/\/api.w.org\/{rel}","templated":true}]}}